{"id":135,"date":"2020-03-31T08:00:55","date_gmt":"2020-03-31T11:00:55","guid":{"rendered":"http:\/\/mixtemper.com.br\/?page_id=135"},"modified":"2020-08-17T19:30:29","modified_gmt":"2020-08-17T22:30:29","slug":"food-service","status":"publish","type":"page","link":"https:\/\/mixtemper.com.br\/?page_id=135","title":{"rendered":"Linha Profissional Food Service"},"content":{"rendered":"\n<p><\/p>\n\n\n\n<p>Embalagens para gerar economia, padroniza\u00e7\u00e3o dos pratos, agilidade, etc para um mercado da alimenta\u00e7\u00e3o que n\u00e3o ser\u00e1 o mesmo depois da Pandemia com o aumento expressivo dos pedidos por aplicativos, pedidos on line, nos sites e com entrega domiciliar.<\/p>\n\n\n\n<p>Os temperos da linha Food Service\u00a0<strong>Mixtemper<\/strong>\u00a0s\u00e3o produtos pensados especialmente para cozinhas industriais, restaurantes, lanchonetes, confeitarias, panificadoras, hot\u00e9is, etc.<\/p>\n\n\n\n<p>Com os temperos&nbsp;<strong>Mixtemper<\/strong>&nbsp;crie novas receitas, novos pratos com versatilidade, praticidade e economia, podendo fazer adapta\u00e7\u00f5es de acordo com a necessidade e o perfil do seu estabelecimento, ganhando tempo com a padroniza\u00e7\u00e3o das receitas e dos pratos servidos no dia-a-dia.&nbsp;<\/p>\n\n\n\n<p>Encante seus clientes com o aroma e sabor de&nbsp;<strong>Mixtemper,<\/strong>&nbsp;fazendo da fidelidade um aliado do seu neg\u00f3cio e gerando lucro para seu estabelecimento.&nbsp;<\/p>\n\n\n\n<p>Os produtos&nbsp;<strong>Mixtemper&nbsp;<\/strong>foram pensados para que voc\u00ea possa montar um card\u00e1pio variado e simples de fazer, com toda sofistica\u00e7\u00e3o e aroma dos melhores pratos.<\/p>\n\n\n\n<p>O mercado de Food Service vem crescendo em m\u00e9dia 14% ao ano, o aumento da renda do brasileiro vem proporcionando esse crescimento e tem impulsionado o setor que engloba: bares, restaurantes, hot\u00e9is, lanchonetes, cozinhas industriais, etc.<\/p>\n\n\n\n<p><a href=\"http:\/\/mixtemper.com.br\/?page_id=135\">Linha de produtos&nbsp;<strong>Mixtemper<\/strong>&nbsp;para food service, s\u00e3o diversos sabores, agregando a seus pratos muito mais sabor, aroma requinte e economia<\/a><\/p>\n","protected":false},"excerpt":{"rendered":"<p>Embalagens para gerar economia, padroniza\u00e7\u00e3o dos pratos, agilidade, etc para um mercado da alimenta\u00e7\u00e3o que n\u00e3o ser\u00e1 o mesmo depois da Pandemia com o aumento expressivo dos pedidos por aplicativos, &#8230;<\/p>\n","protected":false},"author":1,"featured_media":437,"parent":0,"menu_order":0,"comment_status":"closed","ping_status":"closed","template":"template-left-sidebar.php","meta":[],"_links":{"self":[{"href":"https:\/\/mixtemper.com.br\/index.php?rest_route=\/wp\/v2\/pages\/135"}],"collection":[{"href":"https:\/\/mixtemper.com.br\/index.php?rest_route=\/wp\/v2\/pages"}],"about":[{"href":"https:\/\/mixtemper.com.br\/index.php?rest_route=\/wp\/v2\/types\/page"}],"author":[{"embeddable":true,"href":"https:\/\/mixtemper.com.br\/index.php?rest_route=\/wp\/v2\/users\/1"}],"replies":[{"embeddable":true,"href":"https:\/\/mixtemper.com.br\/index.php?rest_route=%2Fwp%2Fv2%2Fcomments&post=135"}],"version-history":[{"count":26,"href":"https:\/\/mixtemper.com.br\/index.php?rest_route=\/wp\/v2\/pages\/135\/revisions"}],"predecessor-version":[{"id":1318,"href":"https:\/\/mixtemper.com.br\/index.php?rest_route=\/wp\/v2\/pages\/135\/revisions\/1318"}],"wp:featuredmedia":[{"embeddable":true,"href":"https:\/\/mixtemper.com.br\/index.php?rest_route=\/wp\/v2\/media\/437"}],"wp:attachment":[{"href":"https:\/\/mixtemper.com.br\/index.php?rest_route=%2Fwp%2Fv2%2Fmedia&parent=135"}],"curies":[{"name":"wp","href":"https:\/\/api.w.org\/{rel}","templated":true}]}}