{"id":576,"date":"2020-07-08T22:35:22","date_gmt":"2020-07-09T01:35:22","guid":{"rendered":"http:\/\/mixtemper.com.br\/?page_id=576"},"modified":"2020-08-17T19:00:57","modified_gmt":"2020-08-17T22:00:57","slug":"linha-varejo","status":"publish","type":"page","link":"https:\/\/mixtemper.com.br\/?page_id=576","title":{"rendered":"Linha Varejo para &#8220;Chefs Amadores&#8221;"},"content":{"rendered":"\n<p>Nossa linha de <strong>POTES 200 GRS E SACH\u00caS<\/strong><\/p>\n\n\n\n<p>foram pensados para a dona de casa utilizar no dia-a-dia trazendo praticidade, aroma e sabor. Conhe\u00e7a nossa linha completa e sabores incr\u00edveis.<\/p>\n\n\n\n<p> Os temperos\u00a0<strong>Mixtemper<\/strong>\u00a0cont\u00e9m combina\u00e7\u00f5es muito especiais de ervas finas e especiarias selecionadas,\u00a0<a href=\"http:\/\/www.mixtemper.com.br\/produtos_mixtemper.html\">em diversas vers\u00f5es.<\/a><\/p>\n\n\n\n<p><strong>Mixtemper<\/strong>&nbsp;\u00e9 a forma mais f\u00e1cil de incorporar na sua cozinha todo o sabor das ervas que fazem a del\u00edcia das cozinhas tradicionais do Brasil e da Europa.<\/p>\n\n\n\n<p>Aproveite para experimentar o conhecido e&nbsp; comprovado valor medicinal das ervas e especiarias, principalmente no aux\u00edlio \u00e0 digest\u00e3o dos alimentos.<\/p>\n\n\n\n<p>O tempero completo&nbsp;<strong>Mixtemper<\/strong>&nbsp;cont\u00e9m combina\u00e7\u00f5es muito especiais de ervas finas e especiarias selecionadas.<\/p>\n\n\n\n<p>S\u00e3o diversas vers\u00f5es e sabores que v\u00e3o enriquecer os pratos do seu dia-a-dia.<\/p>\n\n\n\n<p><strong>Mixtemper<\/strong>&nbsp;\u00e9 a forma mais f\u00e1cil de incorporar na sua cozinha todo o sabor das ervas que fazem a del\u00edcia da cozinha tradicional brasileira e europ\u00e9ia.<\/p>\n\n\n\n<p>Assim voc\u00ea poder\u00e1 aproveitar ao mesmo tempo, o comprovado valor medicinal das ervas e especiarias, principalmente no aux\u00edlio \u00e0 digest\u00e3o dos alimentos.&nbsp;<\/p>\n\n\n\n<p><strong>Mixtemper<\/strong>&nbsp;\u00e9 o tempero completo do dia-a-dia foi feito para substituir o sal, alho e sal, sach\u00eas, caldos em cubos e todos os outros ingredientes mais usados na cozinha brasileira e mineira como salsa, alho, cebola, p\u00e1prica, corante, cebolinha etc&#8230;<\/p>\n\n\n\n<p id=\"pagina-potes\"><\/p>\n","protected":false},"excerpt":{"rendered":"<p>Nossa linha de POTES 200 GRS E SACH\u00caS foram pensados para a dona de casa utilizar no dia-a-dia trazendo praticidade, aroma e sabor. Conhe\u00e7a nossa linha completa e sabores incr\u00edveis. &#8230;<\/p>\n","protected":false},"author":1,"featured_media":84,"parent":0,"menu_order":0,"comment_status":"closed","ping_status":"closed","template":"","meta":[],"_links":{"self":[{"href":"https:\/\/mixtemper.com.br\/index.php?rest_route=\/wp\/v2\/pages\/576"}],"collection":[{"href":"https:\/\/mixtemper.com.br\/index.php?rest_route=\/wp\/v2\/pages"}],"about":[{"href":"https:\/\/mixtemper.com.br\/index.php?rest_route=\/wp\/v2\/types\/page"}],"author":[{"embeddable":true,"href":"https:\/\/mixtemper.com.br\/index.php?rest_route=\/wp\/v2\/users\/1"}],"replies":[{"embeddable":true,"href":"https:\/\/mixtemper.com.br\/index.php?rest_route=%2Fwp%2Fv2%2Fcomments&post=576"}],"version-history":[{"count":11,"href":"https:\/\/mixtemper.com.br\/index.php?rest_route=\/wp\/v2\/pages\/576\/revisions"}],"predecessor-version":[{"id":1312,"href":"https:\/\/mixtemper.com.br\/index.php?rest_route=\/wp\/v2\/pages\/576\/revisions\/1312"}],"wp:featuredmedia":[{"embeddable":true,"href":"https:\/\/mixtemper.com.br\/index.php?rest_route=\/wp\/v2\/media\/84"}],"wp:attachment":[{"href":"https:\/\/mixtemper.com.br\/index.php?rest_route=%2Fwp%2Fv2%2Fmedia&parent=576"}],"curies":[{"name":"wp","href":"https:\/\/api.w.org\/{rel}","templated":true}]}}