{"id":598,"date":"2020-07-09T16:05:45","date_gmt":"2020-07-09T19:05:45","guid":{"rendered":"http:\/\/mixtemper.com.br\/?page_id=598"},"modified":"2020-08-17T20:00:47","modified_gmt":"2020-08-17T23:00:47","slug":"mix-on-tempero-vermelho","status":"publish","type":"page","link":"https:\/\/mixtemper.com.br\/?page_id=598","title":{"rendered":"Mix On Tempero Vermelho \/ Lan\u00e7amento Especial"},"content":{"rendered":"\n<p>Muita qualidade aliada a PRE\u00c7O JUSTO, \u00e9 o que a Mixtemper prop\u00f5e com esse lan\u00e7amento que est\u00e1 conquistando restaurantes, cozinhas industriais, etc, em todo o Brasil. COR, AROMA E SABOR. <\/p>\n\n\n\n<p>muito aroma, muito sabor e sem pagar mais por isso, com esse lan\u00e7amento iremos revolucionar o mercaado do Food SErvice, Vamos nos dedicar um pouco a cada uma das ervas e especiarias usadas nos temperos completos Mixtemper e tamb\u00e9m vendidas individualmente. Al\u00e9m do nome mais comumente conhecido no Brasil, acrescentamos os correspondentes nomes em latim, ingl\u00eas e franc\u00eas, o que \u00e9 bastante \u00fatil para consultas em outras fontes e evita algumas confus\u00f5es que geralmente ocorrem com os nomes em portugu\u00eas.<\/p>\n","protected":false},"excerpt":{"rendered":"<p>Muita qualidade aliada a PRE\u00c7O JUSTO, \u00e9 o que a Mixtemper prop\u00f5e com esse lan\u00e7amento que est\u00e1 conquistando restaurantes, cozinhas industriais, etc, em todo o Brasil. COR, AROMA E SABOR. &#8230;<\/p>\n","protected":false},"author":1,"featured_media":712,"parent":0,"menu_order":0,"comment_status":"closed","ping_status":"closed","template":"","meta":[],"_links":{"self":[{"href":"https:\/\/mixtemper.com.br\/index.php?rest_route=\/wp\/v2\/pages\/598"}],"collection":[{"href":"https:\/\/mixtemper.com.br\/index.php?rest_route=\/wp\/v2\/pages"}],"about":[{"href":"https:\/\/mixtemper.com.br\/index.php?rest_route=\/wp\/v2\/types\/page"}],"author":[{"embeddable":true,"href":"https:\/\/mixtemper.com.br\/index.php?rest_route=\/wp\/v2\/users\/1"}],"replies":[{"embeddable":true,"href":"https:\/\/mixtemper.com.br\/index.php?rest_route=%2Fwp%2Fv2%2Fcomments&post=598"}],"version-history":[{"count":8,"href":"https:\/\/mixtemper.com.br\/index.php?rest_route=\/wp\/v2\/pages\/598\/revisions"}],"predecessor-version":[{"id":1327,"href":"https:\/\/mixtemper.com.br\/index.php?rest_route=\/wp\/v2\/pages\/598\/revisions\/1327"}],"wp:featuredmedia":[{"embeddable":true,"href":"https:\/\/mixtemper.com.br\/index.php?rest_route=\/wp\/v2\/media\/712"}],"wp:attachment":[{"href":"https:\/\/mixtemper.com.br\/index.php?rest_route=%2Fwp%2Fv2%2Fmedia&parent=598"}],"curies":[{"name":"wp","href":"https:\/\/api.w.org\/{rel}","templated":true}]}}