{"id":601,"date":"2020-07-09T16:06:57","date_gmt":"2020-07-09T19:06:57","guid":{"rendered":"http:\/\/mixtemper.com.br\/?page_id=601"},"modified":"2020-08-18T16:42:23","modified_gmt":"2020-08-18T19:42:23","slug":"como-usar","status":"publish","type":"page","link":"https:\/\/mixtemper.com.br\/?page_id=601","title":{"rendered":"Como usar Mixtemper"},"content":{"rendered":"\n<p><strong>&nbsp;Como usar Mixtemper<\/strong><\/p>\n\n\n\n<p><br>O Tempero Completo Mixtemper foi criado para substituir o sal e qualquer outro tempero da sua comida.<\/p>\n\n\n\n<p>Recomenda-se utiliz\u00e1-lo na mesma quantidade que voc\u00ea usaria de sal.<\/p>\n\n\n\n<p>O prato ficar\u00e1 um pouco menos salgado, mas os demais ingredientes do tempero enriquecer\u00e3o o sabor de uma forma muito mais saud\u00e1vel.<\/p>\n\n\n\n<p>Se voc\u00ea aprecia comidas um pouco mais salgadas, utilize cerca de 20% a mais do produto escolhido em qualquer uma das vers\u00f5es.<\/p>\n\n\n\n<p><strong>COMO USAR OS TEMPEROS MIXTEMPER<\/strong><\/p>\n\n\n\n<p>O Tempero Completo Mixtemper foi criado para substituir o sal e qualquer outro tempero da sua comida.<\/p>\n\n\n\n<p>Recomenda-se utiliz\u00e1-lo na mesma quantidade que voc\u00ea usaria de sal.<\/p>\n\n\n\n<p>O prato ficar\u00e1 um pouco menos salgado, mas os demais ingredientes do tempero enriquecer\u00e3o o sabor de uma forma muito mais saud\u00e1vel.<\/p>\n\n\n\n<p>Se voc\u00ea aprecia comidas um pouco mais salgadas, utilize cerca de 10% a mais do produto escolhido em qualquer uma das vers\u00f5es.<\/p>\n\n\n\n<p><strong>Novo conceito:<\/strong>&nbsp;Ele \u00e9 t\u00e3o revolucion\u00e1rio que j\u00e1 est\u00e1 substituindo o tempero alho e sal tradicional nas cozinhas brasileiras porque traz muita economia, sendo mais barato que o alho e sal, pois 01 pote de 200 grs dura em m\u00e9dia 60 dias para uma fam\u00edlia com 05 pessoas e nesse per\u00edodo seriam precisos em m\u00e9dia 02 ou 03 potes de tempero alho e sal.<\/p>\n\n\n\n<p><strong>Economia:<\/strong>&nbsp;Mixtemper gera economia, pois voc\u00ea deixa de comprar todos os outros ingredientes para usar na cozinha e ainda assim comparando com os l\u00edderes de mercado em saches e cubos, MIXTEMPER custa em m\u00e9dia at\u00e9 05 vezes menos.<\/p>\n\n\n\n<p><strong>Praticidade:<\/strong>&nbsp;Aliada a economia vem a praticidade do produto, pois ele n\u00e3o precisa ser complementado por outros ingredientes, sendo assim fica muito mais f\u00e1cil preparar pratos deliciosos sem muita perda de tempo e ainda aumenta o lado da economia, pois deixando de comprar outros ingredientes n\u00e3o teremos mais produtos vencidos nas gavetas e arm\u00e1rios das cozinhas.<\/p>\n\n\n\n<p>Os temperos&nbsp;<strong>Mixtemper<\/strong>&nbsp;cont\u00e9m combina\u00e7\u00f5es muito especiais de ervas finas e especiarias selecionadas,&nbsp;<a href=\"http:\/\/mixtemper.com.br\/?page_id=7\">em diversas vers\u00f5es.<\/a><\/p>\n\n\n\n<p><strong>Mixtemper<\/strong>&nbsp;\u00e9 a forma mais f\u00e1cil de incorporar na sua cozinha todo o sabor das ervas que fazem a del\u00edcia das cozinhas tradicionais do Brasil e da Europa.<\/p>\n","protected":false},"excerpt":{"rendered":"<p>&nbsp;Como usar Mixtemper O Tempero Completo Mixtemper foi criado para substituir o sal e qualquer outro tempero da sua comida. Recomenda-se utiliz\u00e1-lo na mesma quantidade que voc\u00ea usaria de sal. &#8230;<\/p>\n","protected":false},"author":1,"featured_media":0,"parent":0,"menu_order":0,"comment_status":"closed","ping_status":"closed","template":"","meta":[],"_links":{"self":[{"href":"https:\/\/mixtemper.com.br\/index.php?rest_route=\/wp\/v2\/pages\/601"}],"collection":[{"href":"https:\/\/mixtemper.com.br\/index.php?rest_route=\/wp\/v2\/pages"}],"about":[{"href":"https:\/\/mixtemper.com.br\/index.php?rest_route=\/wp\/v2\/types\/page"}],"author":[{"embeddable":true,"href":"https:\/\/mixtemper.com.br\/index.php?rest_route=\/wp\/v2\/users\/1"}],"replies":[{"embeddable":true,"href":"https:\/\/mixtemper.com.br\/index.php?rest_route=%2Fwp%2Fv2%2Fcomments&post=601"}],"version-history":[{"count":4,"href":"https:\/\/mixtemper.com.br\/index.php?rest_route=\/wp\/v2\/pages\/601\/revisions"}],"predecessor-version":[{"id":1302,"href":"https:\/\/mixtemper.com.br\/index.php?rest_route=\/wp\/v2\/pages\/601\/revisions\/1302"}],"wp:attachment":[{"href":"https:\/\/mixtemper.com.br\/index.php?rest_route=%2Fwp%2Fv2%2Fmedia&parent=601"}],"curies":[{"name":"wp","href":"https:\/\/api.w.org\/{rel}","templated":true}]}}