{"id":604,"date":"2020-07-09T16:07:58","date_gmt":"2020-07-09T19:07:58","guid":{"rendered":"http:\/\/mixtemper.com.br\/?page_id=604"},"modified":"2020-08-10T22:44:13","modified_gmt":"2020-08-11T01:44:13","slug":"melhores","status":"publish","type":"page","link":"https:\/\/mixtemper.com.br\/?page_id=604","title":{"rendered":"Melhores combina\u00e7\u00f5es de ervas"},"content":{"rendered":"\n<p><strong>MELHORES COMBINA\u00c7\u00d5ES DE ERVAS<\/strong><\/p>\n\n\n\n<p><br>Todas as ervas s\u00e3o cultivadas com agricultura org\u00e2nica, controle biol\u00f3gico, adubos org\u00e2nicos, sem a utiliza\u00e7\u00e3o de agrot\u00f3xicos. Nos produtos&nbsp;<strong>Mixtemper<\/strong>&nbsp;n\u00e3o h\u00e1 conservantes e aromatizantes, sendo tudo 100% natural.<strong><\/strong><\/p>\n\n\n\n<p>&nbsp;&nbsp;&nbsp; Alimentos que recebem um toque especial&nbsp;<\/p>\n\n\n\n<ul><li><strong>Salsa<\/strong>&nbsp;vai bem com todos os tipos de cozidos, assados e ensopados, sejam eles de carnes, aves, peixes, crust\u00e1ceos, legumes ou acompanhamentos.<\/li><li>O&nbsp;<strong>coentro<\/strong>&nbsp;combina com frango, receitas orientais, bacalhau, peixes de carne bem branca e todos os acompanhamentos de frutos do mar<\/li><li>O&nbsp;<strong>louro<\/strong>&nbsp;d\u00e1 um toque especial ao porco assado, marinadas em geral, bacalhau, atum, feij\u00e3o e \u00e1gua de cozimento de massas e arroz.<\/li><li><strong>Manjeric\u00e3o<\/strong>&nbsp;combina com frango, polvo, lula, ostra, saladas de tomate, abobrinhas, pizzas e massas em geral.<\/li><li><strong>Alecrim<\/strong>&nbsp;\u00e9 \u00f3timo com porco, coelho, marinadas em geral, atum, peixes ao sal grosso, molhos \u00e0 base de tomate e recheios \u00e0 base de trigo.<\/li><li><strong>S\u00e1lvia<\/strong>&nbsp;vai bem com porco, vitela, peru, peixes de carne mais escura e forte, sopas e saladas de legumes secos.<\/li><li><strong>Tomilho<\/strong>&nbsp;d\u00e1 sabor a carnes vermelhas, v\u00edsceras e pat\u00eas, enchova, atum e mexilh\u00e3o, molhos \u00e0 base de azeitona ou piment\u00e3o.<\/li><li>O&nbsp;<strong>or\u00e9gano<\/strong>&nbsp;deve ser usado com peito de frango ou peru grelhados, queijos brancos, pizzas, massas e batatas. Ele n\u00e3o combina bem com peixes e crust\u00e1ceos.<\/li><\/ul>\n\n\n\n<p><strong>MELHORES COMBINA\u00c7\u00d5ES DE ERVAS<\/strong><\/p>\n\n\n\n<p>Um mundo de aromas e sabores a descobrir, criando harmonias delicadas para valorizar cada prato. Conhe\u00e7a aqui as combina\u00e7\u00f5es de ervas que melhor funcionam:<\/p>\n\n\n\n<p><strong>Alho:<\/strong>&nbsp;salsa, louro, manjeric\u00e3o, alecrim, s\u00e1lvia, tomilho.<\/p>\n\n\n\n<p><strong>Cebola:<\/strong>&nbsp;cebolinha, coentro, louro, alecrim, s\u00e1lvia, tomilho, manjeric\u00e3o.<\/p>\n\n\n\n<p><strong>Coentro:<\/strong>&nbsp;cebola.<\/p>\n\n\n\n<p><strong>Louro:<\/strong> alho, cebola, salsa.<\/p>\n\n\n\n<p><strong>Manjeric\u00e3o:<\/strong>&nbsp;alho, cebola, salsa.<\/p>\n\n\n\n<p><strong>Alecrim:<\/strong>&nbsp;alho, cebola, louro, s\u00e1lvia, tomilho.<\/p>\n\n\n\n<p><strong>Or\u00e9gano:<\/strong>&nbsp;cebola.<\/p>\n\n\n\n<p><strong>S\u00e1lvia:<\/strong>&nbsp;alho, cebola, salsa, alecrim, tomilho.<\/p>\n","protected":false},"excerpt":{"rendered":"<p>MELHORES COMBINA\u00c7\u00d5ES DE ERVAS Todas as ervas s\u00e3o cultivadas com agricultura org\u00e2nica, controle biol\u00f3gico, adubos org\u00e2nicos, sem a utiliza\u00e7\u00e3o de agrot\u00f3xicos. Nos produtos&nbsp;Mixtemper&nbsp;n\u00e3o h\u00e1 conservantes e aromatizantes, sendo tudo 100% &#8230;<\/p>\n","protected":false},"author":1,"featured_media":508,"parent":0,"menu_order":0,"comment_status":"closed","ping_status":"closed","template":"","meta":[],"_links":{"self":[{"href":"https:\/\/mixtemper.com.br\/index.php?rest_route=\/wp\/v2\/pages\/604"}],"collection":[{"href":"https:\/\/mixtemper.com.br\/index.php?rest_route=\/wp\/v2\/pages"}],"about":[{"href":"https:\/\/mixtemper.com.br\/index.php?rest_route=\/wp\/v2\/types\/page"}],"author":[{"embeddable":true,"href":"https:\/\/mixtemper.com.br\/index.php?rest_route=\/wp\/v2\/users\/1"}],"replies":[{"embeddable":true,"href":"https:\/\/mixtemper.com.br\/index.php?rest_route=%2Fwp%2Fv2%2Fcomments&post=604"}],"version-history":[{"count":5,"href":"https:\/\/mixtemper.com.br\/index.php?rest_route=\/wp\/v2\/pages\/604\/revisions"}],"predecessor-version":[{"id":979,"href":"https:\/\/mixtemper.com.br\/index.php?rest_route=\/wp\/v2\/pages\/604\/revisions\/979"}],"wp:featuredmedia":[{"embeddable":true,"href":"https:\/\/mixtemper.com.br\/index.php?rest_route=\/wp\/v2\/media\/508"}],"wp:attachment":[{"href":"https:\/\/mixtemper.com.br\/index.php?rest_route=%2Fwp%2Fv2%2Fmedia&parent=604"}],"curies":[{"name":"wp","href":"https:\/\/api.w.org\/{rel}","templated":true}]}}