{"id":607,"date":"2020-07-09T16:08:51","date_gmt":"2020-07-09T19:08:51","guid":{"rendered":"http:\/\/mixtemper.com.br\/?page_id=607"},"modified":"2020-08-10T22:42:06","modified_gmt":"2020-08-11T01:42:06","slug":"dicas","status":"publish","type":"page","link":"https:\/\/mixtemper.com.br\/?page_id=607","title":{"rendered":"Menos S\u00f3dio"},"content":{"rendered":"\n<figure class=\"wp-block-table\"><table><tbody><tr><td><strong>MENOS S\u00d3DIO E MAIS SA\u00daDE<\/strong><br>A vida agitada dos nossos dias nos fez esquecer que pouca coisa \u00e9 mais importante para o nosso bem-estar f\u00edsico e emocional do que aquilo que ingerimos.<br>Esquecemos o que culturas milenares j\u00e1 sabiam a respeito e acabamos por nos render \u00e0 todo tipo de alimenta\u00e7\u00e3o dispon\u00edvel, desde que r\u00e1pida e barata.<br>Aceitamos passivamente sermos invadidos por subst\u00e2ncias que causam todo tipo de dano ao nosso organismo: agrot\u00f3xicos, conservantes, aditivos qu\u00edmicos de toda natureza.<br>Nem mesmo o sentido do paladar foi respeitado, pois o que comemos hoje em dia n\u00e3o se compara em termos de sabor ao que se comia antigamente.<br>Usando os produtos&nbsp;<strong>Mixtemper&nbsp;<\/strong>voc\u00ea pode melhorar muito seu bem estar fis\u00edco e sua sa\u00fade.<br>Uma comida gostosa e saud\u00e1vel n\u00e3o tem pre\u00e7o. Com seus ingredientes naturais&nbsp;<strong>Mixtemper&nbsp;<\/strong>pode deixar sua comida ainda mais gostosa e saborosa. Com uma comida bem temperada e natural voc\u00ea poder\u00e1 diminuir a quantidade de sal e s\u00f3dio na sua alimenta\u00e7\u00e3o, consulte seu nutricionista.<br>Por tr\u00e1s da marca&nbsp;<strong>Mixtemper&nbsp;<\/strong>voc\u00ea encontra uma empresa focada em atender bem e fabricar os melhores produtos para o ramo aliment\u00edcio, onde voc\u00ea pode encontrar a praticidade e economia que tanto procura.&nbsp;<br>Aproveite para experimentar o conhecido e&nbsp; comprovado valor medicinal das ervas e especiarias, principalmente no aux\u00edlio \u00e0 digest\u00e3o dos alimentos.<br>Desenvolvendo produtos inovadores que v\u00e3o proporcionar ao seu neg\u00f3cio uma rentabilidade acima da m\u00e9dia e dentro das expectativas do mercado que mais cresce no Brasil atualmente.<br><strong>100 % natural:<\/strong>&nbsp;Usamos todos os ingredientes naturais, o produto n\u00e3o tem conservantes nem aromatizantes, para garantir mais sa\u00fade aos consumidores.<br><br>O tempero completo&nbsp;<strong>Mixtemper<\/strong>&nbsp;cont\u00e9m combina\u00e7\u00f5es muito especiais de ervas finas e especiarias selecionadas.S\u00e3o diversas vers\u00f5es e sabores que v\u00e3o enriquecer os pratos do seu dia-a-dia.<strong>Mixtemper<\/strong>&nbsp;\u00e9 a forma mais f\u00e1cil de incorporar na sua cozinha todo o sabor das ervas que fazem a del\u00edcia da cozinha tradicional brasileira e europ\u00e9ia.Assim voc\u00ea poder\u00e1 aproveitar ao mesmo tempo, o comprovado valor medicinal das ervas e especiarias, principalmente no aux\u00edlio \u00e0 digest\u00e3o dos alimentos.&nbsp;<strong>Mixtemper<\/strong>&nbsp;\u00e9 o tempero completo do dia-a-dia foi feito para substituir o sal, alho e sal, sach\u00eas, caldos em cubos e todos os outros ingredientes mais usados na cozinha brasileira e mineira como salsa, alho, cebola, p\u00e1prica, corante, cebolinha etc&#8230;<strong>Ingredientes importados:<\/strong>&nbsp;Muitos dos nossos ingredientes s\u00e3o importados para garantir ao produto final sempre a mesma apar\u00eancia, qualidade, sabor, aroma porque trabalhamos com produtos de primeira qualidade.&nbsp;<strong>100 % natural:<\/strong>&nbsp;Usamos todos os ingredientes naturais, o produto n\u00e3o tem conservantes nem aromatizantes, para garantir mais sa\u00fade aos consumidores.&nbsp;&nbsp;MAIS DICAS COM O TEMPERO<strong>Novo conceito:<\/strong>&nbsp;Ele \u00e9 t\u00e3o revolucion\u00e1rio que j\u00e1 est\u00e1 substituindo o tempero alho e sal tradicional nas cozinhas brasileiras porque traz muita economia, sendo mais barato que o alho e sal, pois 01 pote de 500 grs dura em m\u00e9dia 60 dias para uma fam\u00edlia com 05 pessoas e nesse per\u00edodo seriam precisos em m\u00e9dia 04 potes de tempero alho e sal.<strong>Economia:<\/strong>&nbsp;Mixtemper gera economia, pois voc\u00ea deixa de comprar todos os outros ingredientes para usar na cozinha e ainda assim comparando com os l\u00edderes de mercado em saches e cubos, MIXTEMPER custa em m\u00e9dia at\u00e9 05 vezes menos.<strong>Praticidade:<\/strong>&nbsp;Aliada a economia vem a praticidade do produto, pois ele n\u00e3o precisa ser complementado por outros ingredientes, sendo assim fica muito mais f\u00e1cil preparar pratos deliciosos sem muita perda de tempo e ainda aumenta o lado da economia, pois deixando de comprar outros ingredientes n\u00e3o teremos mais produtos vencidos nas gavetas e arm\u00e1rios das cozinhas.&nbsp;<a href=\"http:\/\/www.mixtemper.com.br\/receitas_mixtemper.html\">Conhe\u00e7a mais receitas com Mixtemper<\/a><a href=\"http:\/\/www.mixtemper.com.br\/produtos_mixtemper.html\">Conhe\u00e7a os sabores de Mixtemper<\/a>&nbsp;&nbsp;<br><br><br><br><br><\/td><\/tr><tr><td><br><img loading=\"lazy\" src=\"http:\/\/www.mixtemper.com.br\/images\/pics\/pic_dicas%20e%20receitas%2001.jpg\" height=\"119\" width=\"133\"><br><br><br><br><br><br><br><br><br><br><br><br><br><br><br><br><br><br><br><br><br><br><br><br><br><br><br><br><br><br><br><br><br><br><br><br><br>&nbsp;<\/td><\/tr><\/tbody><\/table><\/figure>\n","protected":false},"excerpt":{"rendered":"<p>MENOS S\u00d3DIO E MAIS SA\u00daDEA vida agitada dos nossos dias nos fez esquecer que pouca coisa \u00e9 mais importante para o nosso bem-estar f\u00edsico e emocional do que aquilo que &#8230;<\/p>\n","protected":false},"author":1,"featured_media":0,"parent":0,"menu_order":0,"comment_status":"closed","ping_status":"closed","template":"","meta":[],"_links":{"self":[{"href":"https:\/\/mixtemper.com.br\/index.php?rest_route=\/wp\/v2\/pages\/607"}],"collection":[{"href":"https:\/\/mixtemper.com.br\/index.php?rest_route=\/wp\/v2\/pages"}],"about":[{"href":"https:\/\/mixtemper.com.br\/index.php?rest_route=\/wp\/v2\/types\/page"}],"author":[{"embeddable":true,"href":"https:\/\/mixtemper.com.br\/index.php?rest_route=\/wp\/v2\/users\/1"}],"replies":[{"embeddable":true,"href":"https:\/\/mixtemper.com.br\/index.php?rest_route=%2Fwp%2Fv2%2Fcomments&post=607"}],"version-history":[{"count":4,"href":"https:\/\/mixtemper.com.br\/index.php?rest_route=\/wp\/v2\/pages\/607\/revisions"}],"predecessor-version":[{"id":978,"href":"https:\/\/mixtemper.com.br\/index.php?rest_route=\/wp\/v2\/pages\/607\/revisions\/978"}],"wp:attachment":[{"href":"https:\/\/mixtemper.com.br\/index.php?rest_route=%2Fwp%2Fv2%2Fmedia&parent=607"}],"curies":[{"name":"wp","href":"https:\/\/api.w.org\/{rel}","templated":true}]}}