{"id":621,"date":"2020-07-10T15:41:24","date_gmt":"2020-07-10T18:41:24","guid":{"rendered":"http:\/\/mixtemper.com.br\/?page_id=621"},"modified":"2020-08-17T18:25:52","modified_gmt":"2020-08-17T21:25:52","slug":"quem-somos","status":"publish","type":"page","link":"https:\/\/mixtemper.com.br\/?page_id=621","title":{"rendered":"Dicas Mixtemper"},"content":{"rendered":"\n<div class=\"wp-block-siteorigin-panels-layout-block\"><div id=\"pl-621\"  class=\"panel-layout\" ><div id=\"pg-621-0\"  class=\"panel-grid panel-no-style\" ><div id=\"pgc-621-0-0\"  class=\"panel-grid-cell\" ><div id=\"panel-621-0-0-0\" class=\"so-panel widget widget_sow-image panel-first-child panel-last-child\" data-index=\"0\" ><div class=\"panel-widget-style panel-widget-style-for-621-0-0-0\" ><div class=\"so-widget-sow-image so-widget-sow-image-default-d6014b76747a\">\n\n<div class=\"sow-image-container\">\n\t<img alt=\"\" \t\tclass=\"so-widget-image\"\/>\n<\/div>\n\n<\/div><\/div><\/div>            <style type=\"text\/css\">.so-widget-sow-image-default-d6014b76747a .sow-image-container {\n  display: flex;\n  align-items: flex-start;\n}\n.so-widget-sow-image-default-d6014b76747a .sow-image-container > a {\n  display: inline-block;\n  \n  max-width: 100%;\n}\n.so-widget-sow-image-default-d6014b76747a .sow-image-container .so-widget-image {\n  display: block;\n  max-width: 100%;\n  \n  height: auto;\n}<\/style><\/div><\/div><\/div><\/div>\n\n\n\n<p>Com os temperos&nbsp;<strong>Mixtemper<\/strong>&nbsp;crie novas receitas, novos pratos com versatilidade, praticidade e economia, podendo fazer adapta\u00e7\u00f5es de acordo com a necessidade e o perfil do seu estabelecimento, ganhando tempo com a padroniza\u00e7\u00e3o das receitas e dos pratos servidos no dia-a-dia.&nbsp;<\/p>\n\n\n\n<p>Encante seus clientes com o aroma e sabor de&nbsp;<strong>Mixtemper,<\/strong>&nbsp;fazendo da fidelidade um aliado do seu neg\u00f3cio e gerando lucro para seu estabelecimento.&nbsp;<\/p>\n\n\n\n<p>Os produtos&nbsp;<strong>Mixtemper&nbsp;<\/strong>foram pensados para que voc\u00ea possa montar um card\u00e1pio variado e simples de fazer, com toda sofistica\u00e7\u00e3o e aroma dos melhores pratos.<\/p>\n","protected":false},"excerpt":{"rendered":"<p>Com os temperos&nbsp;Mixtemper&nbsp;crie novas receitas, novos pratos com versatilidade, praticidade e economia, podendo fazer adapta\u00e7\u00f5es de acordo com a necessidade e o perfil do seu estabelecimento, ganhando tempo com a &#8230;<\/p>\n","protected":false},"author":1,"featured_media":0,"parent":0,"menu_order":0,"comment_status":"closed","ping_status":"closed","template":"","meta":[],"_links":{"self":[{"href":"https:\/\/mixtemper.com.br\/index.php?rest_route=\/wp\/v2\/pages\/621"}],"collection":[{"href":"https:\/\/mixtemper.com.br\/index.php?rest_route=\/wp\/v2\/pages"}],"about":[{"href":"https:\/\/mixtemper.com.br\/index.php?rest_route=\/wp\/v2\/types\/page"}],"author":[{"embeddable":true,"href":"https:\/\/mixtemper.com.br\/index.php?rest_route=\/wp\/v2\/users\/1"}],"replies":[{"embeddable":true,"href":"https:\/\/mixtemper.com.br\/index.php?rest_route=%2Fwp%2Fv2%2Fcomments&post=621"}],"version-history":[{"count":7,"href":"https:\/\/mixtemper.com.br\/index.php?rest_route=\/wp\/v2\/pages\/621\/revisions"}],"predecessor-version":[{"id":1303,"href":"https:\/\/mixtemper.com.br\/index.php?rest_route=\/wp\/v2\/pages\/621\/revisions\/1303"}],"wp:attachment":[{"href":"https:\/\/mixtemper.com.br\/index.php?rest_route=%2Fwp%2Fv2%2Fmedia&parent=621"}],"curies":[{"name":"wp","href":"https:\/\/api.w.org\/{rel}","templated":true}]}}