{"id":7,"date":"2019-12-07T12:08:55","date_gmt":"2019-12-07T15:08:55","guid":{"rendered":"http:\/\/mixtemper.com.br\/?page_id=7"},"modified":"2020-08-05T21:12:17","modified_gmt":"2020-08-06T00:12:17","slug":"produtos","status":"publish","type":"page","link":"https:\/\/mixtemper.com.br\/?page_id=7","title":{"rendered":"Produtos Linha Varejo"},"content":{"rendered":"\n<h2><a href=\"https:\/\/loja.mixtemper.com.br\/tempero-para-arroz\/pote-200-gramas4\/\">Alho,Cebola e Sal <\/a><\/h2>\n\n\n\n<figure class=\"wp-block-image size-large\"><a href=\"https:\/\/loja.mixtemper.com.br\/tempero-para-arroz\/pote-200-gramas4\/\"><img loading=\"lazy\" width=\"1024\" height=\"684\" src=\"http:\/\/mixtemper.com.br\/wp-content\/uploads\/2020\/03\/PicsArt_03-30-10.32.30-1024x684.jpg\" alt=\"\" class=\"wp-image-114\" srcset=\"https:\/\/mixtemper.com.br\/wp-content\/uploads\/2020\/03\/PicsArt_03-30-10.32.30-1024x684.jpg 1024w, https:\/\/mixtemper.com.br\/wp-content\/uploads\/2020\/03\/PicsArt_03-30-10.32.30-300x200.jpg 300w, https:\/\/mixtemper.com.br\/wp-content\/uploads\/2020\/03\/PicsArt_03-30-10.32.30-768x513.jpg 768w, https:\/\/mixtemper.com.br\/wp-content\/uploads\/2020\/03\/PicsArt_03-30-10.32.30-1536x1025.jpg 1536w, https:\/\/mixtemper.com.br\/wp-content\/uploads\/2020\/03\/PicsArt_03-30-10.32.30-450x300.jpg 450w, https:\/\/mixtemper.com.br\/wp-content\/uploads\/2020\/03\/PicsArt_03-30-10.32.30-90x60.jpg 90w, https:\/\/mixtemper.com.br\/wp-content\/uploads\/2020\/03\/PicsArt_03-30-10.32.30.jpg 1618w\" sizes=\"(max-width: 1024px) 100vw, 1024px\" \/><\/a><\/figure>\n\n\n\n<p>O tempero&nbsp;<strong>Alho, Cebola e Sal Mixtemper<\/strong>&nbsp;foi criado para substituir o alho e sal tradicional, recomenda-se utiliz\u00e1-lo na mesma quantidade que voc\u00ea usaria de sal.&nbsp;Tamb\u00e9m pode ser usado \u00e0 mesa para temperar pratos prontos.  Especial para temperar Arroz, feij\u00e3o, carnes brancas e vermelhas, ensopados, sopas, massas, batatas, etc.&nbsp; <\/p>\n\n\n\n<p><strong>Ingredientes:<\/strong>&nbsp;Sal, alho, cebola, amido de milho e glutamato monoss\u00f3dico.<\/p>\n\n\n\n<h2><a href=\"https:\/\/loja.mixtemper.com.br\/salmao-e-peixes\/pote-200-gramas3\/\">Salm\u00e3o e Outros peixes<\/a><\/h2>\n\n\n\n<figure class=\"wp-block-image size-large\"><a href=\"https:\/\/loja.mixtemper.com.br\/produtos\/tempero-para-salmao-e-outros-peixes-200-gramas\/\"><img loading=\"lazy\" width=\"1024\" height=\"577\" src=\"http:\/\/mixtemper.com.br\/wp-content\/uploads\/2020\/03\/PicsArt_03-30-10.39.14-1024x577.jpg\" alt=\"\" class=\"wp-image-113\" srcset=\"https:\/\/mixtemper.com.br\/wp-content\/uploads\/2020\/03\/PicsArt_03-30-10.39.14-1024x577.jpg 1024w, https:\/\/mixtemper.com.br\/wp-content\/uploads\/2020\/03\/PicsArt_03-30-10.39.14-300x169.jpg 300w, https:\/\/mixtemper.com.br\/wp-content\/uploads\/2020\/03\/PicsArt_03-30-10.39.14-768x433.jpg 768w, https:\/\/mixtemper.com.br\/wp-content\/uploads\/2020\/03\/PicsArt_03-30-10.39.14-1536x865.jpg 1536w, https:\/\/mixtemper.com.br\/wp-content\/uploads\/2020\/03\/PicsArt_03-30-10.39.14-107x60.jpg 107w, https:\/\/mixtemper.com.br\/wp-content\/uploads\/2020\/03\/PicsArt_03-30-10.39.14.jpg 1917w\" sizes=\"(max-width: 1024px) 100vw, 1024px\" \/><\/a><\/figure>\n\n\n\n<p>Uma sele\u00e7\u00e3o de ingredientes da&nbsp;<strong>Mixtemper&nbsp;<\/strong>para que voc\u00ea possa temperar peixes nobres e ter em sua mesa o sabor e o requinte de pratos preparados pelos mais renomados Chefs de cozinha.&nbsp; Especial para temperar peixes e frutos do mar. Peixes de \u00e1gua doce como Dourado, Surubim, Pintado, Tra\u00edra, e de \u00e1gua salgada como Salm\u00e3o, Badejo, Garoupa, Robalo, Anchova, entre outros. <\/p>\n\n\n\n<p><strong>Ingredientes:&nbsp;<\/strong>Sal, alho, cebola, salsa, curry, a\u00e7afr\u00e3o, endro dill, p\u00e1prica doce, lim\u00e3o em p\u00f3, gengibre em p\u00f3, amido de milho, color\u00edfico e glutamato monoss\u00f3dico.<\/p>\n\n\n\n<h2><a href=\"https:\/\/loja.mixtemper.com.br\/massas-e-molhos\/pote-200-gramas9\/\">Massas, Pizzas e Batatas<\/a><\/h2>\n\n\n\n<figure class=\"wp-block-image size-large\"><a href=\"https:\/\/loja.mixtemper.com.br\/produtos\/tempero-para-massas-e-molhos-200-gramas\/\"><img loading=\"lazy\" width=\"1024\" height=\"666\" src=\"http:\/\/mixtemper.com.br\/wp-content\/uploads\/2020\/03\/PicsArt_03-30-10.33.28-1024x666.jpg\" alt=\"\" class=\"wp-image-116\" srcset=\"https:\/\/mixtemper.com.br\/wp-content\/uploads\/2020\/03\/PicsArt_03-30-10.33.28-1024x666.jpg 1024w, https:\/\/mixtemper.com.br\/wp-content\/uploads\/2020\/03\/PicsArt_03-30-10.33.28-300x195.jpg 300w, https:\/\/mixtemper.com.br\/wp-content\/uploads\/2020\/03\/PicsArt_03-30-10.33.28-768x500.jpg 768w, https:\/\/mixtemper.com.br\/wp-content\/uploads\/2020\/03\/PicsArt_03-30-10.33.28-1536x999.jpg 1536w, https:\/\/mixtemper.com.br\/wp-content\/uploads\/2020\/03\/PicsArt_03-30-10.33.28-92x60.jpg 92w, https:\/\/mixtemper.com.br\/wp-content\/uploads\/2020\/03\/PicsArt_03-30-10.33.28.jpg 1660w\" sizes=\"(max-width: 1024px) 100vw, 1024px\" \/><\/a><\/figure>\n\n\n\n<p>Especial para temperar massas em geral, macarr\u00e3o, lasanha, canelone, capeletes, ravi\u00f3lis, batatas fritas, assadas e cozidas, pur\u00ea, nhoque, molhos e pizzas.<\/p>\n\n\n\n<p><strong>Ingredientes:&nbsp;<\/strong>Sal, alho, cebola, Manjeric\u00e3o, a\u00e7afr\u00e3o, or\u00e9gano, salsa, louro, color\u00edfico, amido de milho e glutamato monoss\u00f3dico.<\/p>\n\n\n\n<h2><a href=\"https:\/\/loja.mixtemper.com.br\/tempero-churrasco\/pote-230-grs\/\">Churrasco<\/a><\/h2>\n\n\n\n<figure class=\"wp-block-image size-large\"><a href=\"https:\/\/loja.mixtemper.com.br\/tempero-churrasco\/pote-230-grs\/\"><img loading=\"lazy\" width=\"1024\" height=\"684\" src=\"http:\/\/mixtemper.com.br\/wp-content\/uploads\/2020\/03\/PicsArt_03-27-05.36.29-1024x684.jpg\" alt=\"\" class=\"wp-image-118\" srcset=\"https:\/\/mixtemper.com.br\/wp-content\/uploads\/2020\/03\/PicsArt_03-27-05.36.29-1024x684.jpg 1024w, https:\/\/mixtemper.com.br\/wp-content\/uploads\/2020\/03\/PicsArt_03-27-05.36.29-300x200.jpg 300w, https:\/\/mixtemper.com.br\/wp-content\/uploads\/2020\/03\/PicsArt_03-27-05.36.29-768x513.jpg 768w, https:\/\/mixtemper.com.br\/wp-content\/uploads\/2020\/03\/PicsArt_03-27-05.36.29-1536x1026.jpg 1536w, https:\/\/mixtemper.com.br\/wp-content\/uploads\/2020\/03\/PicsArt_03-27-05.36.29-450x300.jpg 450w, https:\/\/mixtemper.com.br\/wp-content\/uploads\/2020\/03\/PicsArt_03-27-05.36.29-90x60.jpg 90w, https:\/\/mixtemper.com.br\/wp-content\/uploads\/2020\/03\/PicsArt_03-27-05.36.29.jpg 1617w\" sizes=\"(max-width: 1024px) 100vw, 1024px\" \/><\/a><\/figure>\n\n\n\n<p>O tempero&nbsp;<strong>Mixtemper Churrasco<\/strong>&nbsp;foi desenvolvido para substituir o sal grosso em todos os tipos de carnes vermelhas e tamb\u00e9m para ser usado em carnes de porco, frango e peixes.&nbsp; Experimente em picanha, maminha, miolo de alcatra, lombo, costela, coxinha e asa de frango, etc.&nbsp; <\/p>\n\n\n\n<p><strong>Ingredientes:<\/strong>&nbsp;Sal iodado, sal grosso, alho, cebola, cebolinha, segurelha, curry, p\u00e1prica doce, salsa, a\u00e7afr\u00e3o, coentro, color\u00edfico e glutamato monoss\u00f3dico.<\/p>\n\n\n\n<h2><a href=\"https:\/\/loja.mixtemper.com.br\/ervas-finas\/pote-200-gramas1\/\">Ervas Finas e Ervas de Provence<\/a><\/h2>\n\n\n\n<figure class=\"wp-block-image size-large\"><a href=\"https:\/\/loja.mixtemper.com.br\/produtos\/tempero-ervas-finas-ervas-de-provence-pote-200-gramas\/\"><img loading=\"lazy\" width=\"1024\" height=\"700\" src=\"http:\/\/mixtemper.com.br\/wp-content\/uploads\/2020\/03\/PicsArt_03-30-10.27.39-1024x700.jpg\" alt=\"\" class=\"wp-image-119\" srcset=\"https:\/\/mixtemper.com.br\/wp-content\/uploads\/2020\/03\/PicsArt_03-30-10.27.39-1024x700.jpg 1024w, https:\/\/mixtemper.com.br\/wp-content\/uploads\/2020\/03\/PicsArt_03-30-10.27.39-300x205.jpg 300w, https:\/\/mixtemper.com.br\/wp-content\/uploads\/2020\/03\/PicsArt_03-30-10.27.39-768x525.jpg 768w, https:\/\/mixtemper.com.br\/wp-content\/uploads\/2020\/03\/PicsArt_03-30-10.27.39-1536x1051.jpg 1536w, https:\/\/mixtemper.com.br\/wp-content\/uploads\/2020\/03\/PicsArt_03-30-10.27.39-88x60.jpg 88w, https:\/\/mixtemper.com.br\/wp-content\/uploads\/2020\/03\/PicsArt_03-30-10.27.39.jpg 1579w\" sizes=\"(max-width: 1024px) 100vw, 1024px\" \/><\/a><\/figure>\n\n\n\n<p>A combina\u00e7\u00e3o perfeita das ervas do&nbsp;<strong>Mixtemper Ervas Finas<\/strong>&nbsp;proporciona um sabor e aroma inigual\u00e1vel aos pratos.&nbsp; Especial para temperar carnes, peixes, aves, pat\u00eas, cremes, omeletes, saladas e o tradicional tira-gosto de queijo com azeite e ervas finas.&nbsp; <\/p>\n\n\n\n<p><strong>Ingredientes:<\/strong>&nbsp;Sal, alho, cebola, alecrim, s\u00e1lvia, tomilho, salsa, manjeric\u00e3o, louro, amido de milho e glutamato monoss\u00f3dico.<\/p>\n\n\n\n<h2><a href=\"https:\/\/loja.mixtemper.com.br\/tomate-seco-e-manjericao\/pote-200-gramas6\/\">Tomate seco ,Cebola e Manjeric\u00e3o<\/a><\/h2>\n\n\n\n<figure class=\"wp-block-image size-large\"><a href=\"https:\/\/loja.mixtemper.com.br\/produtos\/tempero-tomate-seco-cebola-e-manjericao-200-gramas\/\"><img loading=\"lazy\" width=\"1024\" height=\"683\" src=\"http:\/\/mixtemper.com.br\/wp-content\/uploads\/2020\/03\/PicsArt_03-30-02.53.45-1024x683.jpg\" alt=\"\" class=\"wp-image-121\" srcset=\"https:\/\/mixtemper.com.br\/wp-content\/uploads\/2020\/03\/PicsArt_03-30-02.53.45-1024x683.jpg 1024w, https:\/\/mixtemper.com.br\/wp-content\/uploads\/2020\/03\/PicsArt_03-30-02.53.45-300x200.jpg 300w, https:\/\/mixtemper.com.br\/wp-content\/uploads\/2020\/03\/PicsArt_03-30-02.53.45-768x512.jpg 768w, https:\/\/mixtemper.com.br\/wp-content\/uploads\/2020\/03\/PicsArt_03-30-02.53.45-1536x1025.jpg 1536w, https:\/\/mixtemper.com.br\/wp-content\/uploads\/2020\/03\/PicsArt_03-30-02.53.45-450x300.jpg 450w, https:\/\/mixtemper.com.br\/wp-content\/uploads\/2020\/03\/PicsArt_03-30-02.53.45-90x60.jpg 90w, https:\/\/mixtemper.com.br\/wp-content\/uploads\/2020\/03\/PicsArt_03-30-02.53.45.jpg 1619w\" sizes=\"(max-width: 1024px) 100vw, 1024px\" \/><\/a><\/figure>\n\n\n\n<p>Muito vers\u00e1til o tempero&nbsp;<strong>Mixtemper Tomate seco, Cebola e Manjeric\u00e3o<\/strong>&nbsp;pode ser usado diariamente, use sua imagina\u00e7\u00e3o e criatividade deixando o aroma e o sabor por conta deste tempero inigual\u00e1vel. Utilize em arroz, feij\u00e3o, molhos, refogados, batatas cozidas ou assadas e massas, tamb\u00e9m pode ser usado \u00e0 mesa para temperar seus pratos favoritos incluindo carnes, frangos, massas ou como decora\u00e7\u00e3o de saladas cruas.&nbsp; <\/p>\n\n\n\n<p><strong>Ingredientes:<\/strong>&nbsp;Sal, cebola, salsa, tomate seco, manjeric\u00e3o, amido de milho e glutamato monoss\u00f3dico.<\/p>\n\n\n\n<h2><a href=\"https:\/\/loja.mixtemper.com.br\/alho-cebola-e-bacon\/pote-200-gramas7\/\">Alho,Cebola e Bacon<\/a><\/h2>\n\n\n\n<figure class=\"wp-block-image size-large is-resized\"><a href=\"https:\/\/loja.mixtemper.com.br\/produtos\/tempero-alho-cebola-e-bacon-200-gramas\/\"><img loading=\"lazy\" src=\"http:\/\/mixtemper.com.br\/wp-content\/uploads\/2020\/03\/PicsArt_03-30-02.55.30-1024x604.jpg\" alt=\"\" class=\"wp-image-122\" width=\"647\" height=\"381\" srcset=\"https:\/\/mixtemper.com.br\/wp-content\/uploads\/2020\/03\/PicsArt_03-30-02.55.30-1024x604.jpg 1024w, https:\/\/mixtemper.com.br\/wp-content\/uploads\/2020\/03\/PicsArt_03-30-02.55.30-300x177.jpg 300w, https:\/\/mixtemper.com.br\/wp-content\/uploads\/2020\/03\/PicsArt_03-30-02.55.30-768x453.jpg 768w, https:\/\/mixtemper.com.br\/wp-content\/uploads\/2020\/03\/PicsArt_03-30-02.55.30-1536x906.jpg 1536w, https:\/\/mixtemper.com.br\/wp-content\/uploads\/2020\/03\/PicsArt_03-30-02.55.30-1020x600.jpg 1020w, https:\/\/mixtemper.com.br\/wp-content\/uploads\/2020\/03\/PicsArt_03-30-02.55.30-102x60.jpg 102w, https:\/\/mixtemper.com.br\/wp-content\/uploads\/2020\/03\/PicsArt_03-30-02.55.30.jpg 1832w\" sizes=\"(max-width: 647px) 100vw, 647px\" \/><\/a><\/figure>\n\n\n\n<p>Em uma mistura especial o tempero&nbsp;<strong>Mixtemper Alho, Cebola e Bacon<\/strong>&nbsp;\u00e9 excelente para todos os pratos da culin\u00e1ria brasileira, pode ser usado diariamente sem necessidade de misturar outros condimentos e especiarias.&nbsp;Utilize em arroz, feij\u00e3o, molhos, refogados, batatas cozidas ou assadas e massas, tamb\u00e9m pode ser usado \u00e0 mesa para temperar seus pratos favoritos incluindo carnes, frangos, massas ou como decora\u00e7\u00e3o de saladas cruas.&nbsp; <\/p>\n\n\n\n<p><strong>Ingredientes<\/strong>: Sal, alho, cebola, bacon, manjerona, salsa, amido de milho e glutamato monoss\u00f3dico.<\/p>\n\n\n\n<h2><a href=\"https:\/\/loja.mixtemper.com.br\/carnes-vermelhas\/pote-200-gramas\/\">Carnes Vermelhas e Carnes Nobres<\/a><\/h2>\n\n\n\n<figure class=\"wp-block-image size-large is-resized\"><a href=\"https:\/\/loja.mixtemper.com.br\/carnes-vermelhas\/pote-200-gramas\/\"><img loading=\"lazy\" src=\"http:\/\/mixtemper.com.br\/wp-content\/uploads\/2020\/03\/PicsArt_03-30-02.48.39-1024x1024.jpg\" alt=\"\" class=\"wp-image-124\" width=\"565\" height=\"565\" srcset=\"https:\/\/mixtemper.com.br\/wp-content\/uploads\/2020\/03\/PicsArt_03-30-02.48.39-1024x1024.jpg 1024w, https:\/\/mixtemper.com.br\/wp-content\/uploads\/2020\/03\/PicsArt_03-30-02.48.39-300x300.jpg 300w, https:\/\/mixtemper.com.br\/wp-content\/uploads\/2020\/03\/PicsArt_03-30-02.48.39-150x150.jpg 150w, https:\/\/mixtemper.com.br\/wp-content\/uploads\/2020\/03\/PicsArt_03-30-02.48.39-768x768.jpg 768w, https:\/\/mixtemper.com.br\/wp-content\/uploads\/2020\/03\/PicsArt_03-30-02.48.39-435x435.jpg 435w, https:\/\/mixtemper.com.br\/wp-content\/uploads\/2020\/03\/PicsArt_03-30-02.48.39-60x60.jpg 60w, https:\/\/mixtemper.com.br\/wp-content\/uploads\/2020\/03\/PicsArt_03-30-02.48.39.jpg 1080w\" sizes=\"(max-width: 565px) 100vw, 565px\" \/><\/a><\/figure>\n\n\n\n<p>A combina\u00e7\u00e3o dos ingredientes do&nbsp;<strong>Mixtemper Carnes Vermelhas e Carnes Nobres<\/strong>&nbsp;foi especialmente desenvolvida para todos os tipos de carnes e agora voc\u00ea tem em suas m\u00e3os o segredo para ter deliciosas carnes assadas, cozidas ou fritas no seu dia-a-dia, com praticidade e economia.&nbsp;<\/p>\n\n\n\n<p><strong>Ingredientes:<\/strong>&nbsp;Sal, alho, cebola, tomilho, a\u00e7afr\u00e3o, curry, segurelha, color\u00edfico, amido de milho e glutamato monoss\u00f3dico.<\/p>\n\n\n\n<h2><a href=\"https:\/\/loja.mixtemper.com.br\/tempero-do-chef\/pote-200-gramas10\/\">Tempero do Chef <\/a><\/h2>\n\n\n\n<figure class=\"wp-block-image size-large\"><a href=\"https:\/\/loja.mixtemper.com.br\/tempero-do-chef\/pote-200-gramas10\/\"><img loading=\"lazy\" width=\"1024\" height=\"634\" src=\"http:\/\/mixtemper.com.br\/wp-content\/uploads\/2020\/03\/PicsArt_03-30-03.39.23-1024x634.jpg\" alt=\"\" class=\"wp-image-127\" srcset=\"https:\/\/mixtemper.com.br\/wp-content\/uploads\/2020\/03\/PicsArt_03-30-03.39.23-1024x634.jpg 1024w, https:\/\/mixtemper.com.br\/wp-content\/uploads\/2020\/03\/PicsArt_03-30-03.39.23-300x186.jpg 300w, https:\/\/mixtemper.com.br\/wp-content\/uploads\/2020\/03\/PicsArt_03-30-03.39.23-768x475.jpg 768w, https:\/\/mixtemper.com.br\/wp-content\/uploads\/2020\/03\/PicsArt_03-30-03.39.23-1536x951.jpg 1536w, https:\/\/mixtemper.com.br\/wp-content\/uploads\/2020\/03\/PicsArt_03-30-03.39.23-97x60.jpg 97w, https:\/\/mixtemper.com.br\/wp-content\/uploads\/2020\/03\/PicsArt_03-30-03.39.23.jpg 1745w\" sizes=\"(max-width: 1024px) 100vw, 1024px\" \/><\/a><\/figure>\n\n\n\n<p>Um produto inovador, o&nbsp;<strong>Tempero do Chef Mixtemper<\/strong>&nbsp;\u00e9 um tempero completo usado no dia-a-dia. Tamb\u00e9m pode ser usado \u00e0 mesa e \u00e9 recomendado para pratos prontos como complemento de tempero em carnes, frangos, massas, saladas, t\u00e1bua de frios, pipocas, entre outros.<\/p>\n\n\n\n<p><strong>Ingredientes:<\/strong>&nbsp;Sal, alho, cebola, cebolinha, mangerona, p\u00e1prica doce, salsa, color\u00edfico, a\u00e7afr\u00e3o, cominho, curry, coentro, amido de milho e glutamato monoss\u00f3dico.<\/p>\n\n\n\n<h2><a href=\"https:\/\/loja.mixtemper.com.br\/tempero-para-feijao\/pote-200-gramas5\/\">Tempero para Feij\u00e3o<\/a><\/h2>\n\n\n\n<figure class=\"wp-block-image size-large\"><a href=\"https:\/\/loja.mixtemper.com.br\/tempero-para-feijao\/pote-200-gramas5\/\"><img loading=\"lazy\" width=\"1024\" height=\"642\" src=\"http:\/\/mixtemper.com.br\/wp-content\/uploads\/2020\/03\/PicsArt_03-30-03.42.29-1024x642.jpg\" alt=\"\" class=\"wp-image-128\" srcset=\"https:\/\/mixtemper.com.br\/wp-content\/uploads\/2020\/03\/PicsArt_03-30-03.42.29-1024x642.jpg 1024w, https:\/\/mixtemper.com.br\/wp-content\/uploads\/2020\/03\/PicsArt_03-30-03.42.29-300x188.jpg 300w, https:\/\/mixtemper.com.br\/wp-content\/uploads\/2020\/03\/PicsArt_03-30-03.42.29-768x481.jpg 768w, https:\/\/mixtemper.com.br\/wp-content\/uploads\/2020\/03\/PicsArt_03-30-03.42.29-1536x963.jpg 1536w, https:\/\/mixtemper.com.br\/wp-content\/uploads\/2020\/03\/PicsArt_03-30-03.42.29-320x200.jpg 320w, https:\/\/mixtemper.com.br\/wp-content\/uploads\/2020\/03\/PicsArt_03-30-03.42.29-96x60.jpg 96w, https:\/\/mixtemper.com.br\/wp-content\/uploads\/2020\/03\/PicsArt_03-30-03.42.29.jpg 1723w\" sizes=\"(max-width: 1024px) 100vw, 1024px\" \/><\/a><\/figure>\n\n\n\n<p>O trio de ingredientes principais do&nbsp;<strong>Mixtemper Tomate Seco, Alho e Bacon<\/strong>&nbsp;\u00e9 fruto de uma combina\u00e7\u00e3o especial e d\u00e1 ao seu feij\u00e3o um aroma e sabor sem igual.&nbsp; Pode ser utilizado tamb\u00e9m em  arroz, molhos, refogados, batatas cozidas ou assadas e massas. <\/p>\n\n\n\n<p><strong>Ingredientes:<\/strong>&nbsp;Sal, tomate seco, alho, bacon, salsa, amido de milho e glutamato monoss\u00f3dico.<\/p>\n\n\n\n<h2><a href=\"https:\/\/loja.mixtemper.com.br\/produtos\/tempero-mixtemper-para-churrasco-sache-400-gramas\/\"> <strong>Tempero Churrasco<\/strong>&nbsp;<strong>Sach\u00ea 400 gramas<\/strong> <\/a><\/h2>\n\n\n\n<p>&nbsp;<\/p>\n\n\n\n<figure class=\"wp-block-image size-large\"><img loading=\"lazy\" width=\"640\" height=\"640\" src=\"http:\/\/mixtemper.com.br\/wp-content\/uploads\/2020\/04\/tempero-do-chef-141-c33329b12ad4429bc315646682044115-640-0.png\" alt=\"\" class=\"wp-image-197\" srcset=\"https:\/\/mixtemper.com.br\/wp-content\/uploads\/2020\/04\/tempero-do-chef-141-c33329b12ad4429bc315646682044115-640-0.png 640w, https:\/\/mixtemper.com.br\/wp-content\/uploads\/2020\/04\/tempero-do-chef-141-c33329b12ad4429bc315646682044115-640-0-300x300.png 300w, https:\/\/mixtemper.com.br\/wp-content\/uploads\/2020\/04\/tempero-do-chef-141-c33329b12ad4429bc315646682044115-640-0-150x150.png 150w, https:\/\/mixtemper.com.br\/wp-content\/uploads\/2020\/04\/tempero-do-chef-141-c33329b12ad4429bc315646682044115-640-0-60x60.png 60w\" sizes=\"(max-width: 640px) 100vw, 640px\" \/><\/figure>\n\n\n\n<p><\/p>\n\n\n\n<p>O tempero&nbsp;<strong>Mixtemper Churrasco<\/strong>&nbsp;foi desenvolvido para substituir o sal grosso em todos os tipos de carnes vermelhas e tamb\u00e9m para ser usado em carnes de porco, frango e peixes.&nbsp;<\/p>\n\n\n\n<p>Experimente em picanha, maminha, miolo de alcatra, lombo, costela, coxinha e asa de frango, etc.&nbsp;<\/p>\n\n\n\n<p><strong>Ingredientes:<\/strong>&nbsp;Sal iodado, sal grosso, alho, cebola, cebolinha, segurelha, curry, p\u00e1prica doce, salsa, a\u00e7afr\u00e3o, coentro, color\u00edfico e glutamato monoss\u00f3dico.<\/p>\n\n\n\n<p><strong>Embalado em potes de 230 gramas, 400 gramas e baldes de 3,5 kilos<\/strong><\/p>\n\n\n\n<h2> <a href=\"https:\/\/loja.mixtemper.com.br\/produtos\/tempero-mixtemper-kit-com-12-potes-com-200-gramas-sabores-sortidos\/\">TEMPERO MIXTEMPER KIT COM 12 POTES COM 200 GRAMAS \/ SABORES SORTIDOS <\/a><\/h2>\n\n\n\n<figure class=\"wp-block-image size-large is-resized\"><img loading=\"lazy\" src=\"http:\/\/mixtemper.com.br\/wp-content\/uploads\/2020\/05\/caixa-mista1-6a3a6097e06bfa129c15651051316469-1024-1024.png\" alt=\"\" class=\"wp-image-299\" width=\"580\" height=\"464\" srcset=\"https:\/\/mixtemper.com.br\/wp-content\/uploads\/2020\/05\/caixa-mista1-6a3a6097e06bfa129c15651051316469-1024-1024.png 945w, https:\/\/mixtemper.com.br\/wp-content\/uploads\/2020\/05\/caixa-mista1-6a3a6097e06bfa129c15651051316469-1024-1024-300x240.png 300w, https:\/\/mixtemper.com.br\/wp-content\/uploads\/2020\/05\/caixa-mista1-6a3a6097e06bfa129c15651051316469-1024-1024-768x614.png 768w, https:\/\/mixtemper.com.br\/wp-content\/uploads\/2020\/05\/caixa-mista1-6a3a6097e06bfa129c15651051316469-1024-1024-100x80.png 100w, https:\/\/mixtemper.com.br\/wp-content\/uploads\/2020\/05\/caixa-mista1-6a3a6097e06bfa129c15651051316469-1024-1024-150x120.png 150w, https:\/\/mixtemper.com.br\/wp-content\/uploads\/2020\/05\/caixa-mista1-6a3a6097e06bfa129c15651051316469-1024-1024-200x160.png 200w, https:\/\/mixtemper.com.br\/wp-content\/uploads\/2020\/05\/caixa-mista1-6a3a6097e06bfa129c15651051316469-1024-1024-450x360.png 450w, https:\/\/mixtemper.com.br\/wp-content\/uploads\/2020\/05\/caixa-mista1-6a3a6097e06bfa129c15651051316469-1024-1024-600x480.png 600w, https:\/\/mixtemper.com.br\/wp-content\/uploads\/2020\/05\/caixa-mista1-6a3a6097e06bfa129c15651051316469-1024-1024-900x720.png 900w\" sizes=\"(max-width: 580px) 100vw, 580px\" \/><\/figure>\n\n\n\n<p><a href=\"https:\/\/loja.mixtemper.com.br\/\">Mixtemper<\/a> \u00e9 muito mais que um novo tempero, \u00e9 uma nova proposta em termos de alimenta\u00e7\u00e3o.<\/p>\n\n\n\n<p>Com Mixtemper voc\u00ea pode fazer pratos muito mais saborosos e saud\u00e1veis, sem ter mais trabalho por causa disso.<\/p>\n\n\n\n<p>Transforme os pratos mais simples do dia-a-dia em verdadeiros exemplos de aroma, requinte e sabor, use tempero Mixtemper e tenha uma alimenta\u00e7\u00e3o mais saud\u00e1vel!<\/p>\n\n\n\n<p>Kit cont\u00e9m&nbsp;12 potes, 01 unidade de cada sabor.<\/p>\n\n\n\n<h2><a href=\"https:\/\/loja.mixtemper.com.br\/produtos\/caixa-mista-com-24-potes-de-200-230-gramas\/\"> CAIXA MISTA COM 24 POTES DE 200\/230 GRAMAS <\/a><\/h2>\n\n\n\n<figure class=\"wp-block-image size-large\"><img loading=\"lazy\" width=\"945\" height=\"756\" src=\"http:\/\/mixtemper.com.br\/wp-content\/uploads\/2020\/05\/caixa-mista-11-636b5e9707b771e0fa15651053012876-1024-1024.png\" alt=\"\" class=\"wp-image-300\" srcset=\"https:\/\/mixtemper.com.br\/wp-content\/uploads\/2020\/05\/caixa-mista-11-636b5e9707b771e0fa15651053012876-1024-1024.png 945w, https:\/\/mixtemper.com.br\/wp-content\/uploads\/2020\/05\/caixa-mista-11-636b5e9707b771e0fa15651053012876-1024-1024-300x240.png 300w, https:\/\/mixtemper.com.br\/wp-content\/uploads\/2020\/05\/caixa-mista-11-636b5e9707b771e0fa15651053012876-1024-1024-768x614.png 768w, https:\/\/mixtemper.com.br\/wp-content\/uploads\/2020\/05\/caixa-mista-11-636b5e9707b771e0fa15651053012876-1024-1024-100x80.png 100w, https:\/\/mixtemper.com.br\/wp-content\/uploads\/2020\/05\/caixa-mista-11-636b5e9707b771e0fa15651053012876-1024-1024-150x120.png 150w, https:\/\/mixtemper.com.br\/wp-content\/uploads\/2020\/05\/caixa-mista-11-636b5e9707b771e0fa15651053012876-1024-1024-200x160.png 200w, https:\/\/mixtemper.com.br\/wp-content\/uploads\/2020\/05\/caixa-mista-11-636b5e9707b771e0fa15651053012876-1024-1024-450x360.png 450w, https:\/\/mixtemper.com.br\/wp-content\/uploads\/2020\/05\/caixa-mista-11-636b5e9707b771e0fa15651053012876-1024-1024-600x480.png 600w, https:\/\/mixtemper.com.br\/wp-content\/uploads\/2020\/05\/caixa-mista-11-636b5e9707b771e0fa15651053012876-1024-1024-900x720.png 900w\" sizes=\"(max-width: 945px) 100vw, 945px\" \/><\/figure>\n\n\n\n<p>Mixtemper \u00e9 muito mais que um novo tempero, \u00e9 uma nova proposta em termos de alimenta\u00e7\u00e3o.<\/p>\n\n\n\n<p>Com Mixtemper voc\u00ea pode fazer pratos muito mais saborosos e saud\u00e1veis, sem ter mais trabalho por causa disso.<\/p>\n\n\n\n<p>Transforme os pratos mais simples do dia-a-dia em verdadeiros exemplos de aroma, requinte e sabor, use tempero Mixtemper e tenha uma alimenta\u00e7\u00e3o mais saud\u00e1vel!<\/p>\n\n\n\n<p>Kit cont\u00e9m&nbsp;24 potes, 02 unidade de cada sabor.<\/p>\n\n\n\n<figure class=\"wp-block-image\"><img alt=\"\"\/><\/figure>\n","protected":false},"excerpt":{"rendered":"<p>Alho,Cebola e Sal O tempero&nbsp;Alho, Cebola e Sal Mixtemper&nbsp;foi criado para substituir o alho e sal tradicional, recomenda-se utiliz\u00e1-lo na mesma quantidade que voc\u00ea usaria de sal.&nbsp;Tamb\u00e9m pode ser usado &#8230;<\/p>\n","protected":false},"author":1,"featured_media":0,"parent":0,"menu_order":0,"comment_status":"closed","ping_status":"closed","template":"","meta":[],"_links":{"self":[{"href":"https:\/\/mixtemper.com.br\/index.php?rest_route=\/wp\/v2\/pages\/7"}],"collection":[{"href":"https:\/\/mixtemper.com.br\/index.php?rest_route=\/wp\/v2\/pages"}],"about":[{"href":"https:\/\/mixtemper.com.br\/index.php?rest_route=\/wp\/v2\/types\/page"}],"author":[{"embeddable":true,"href":"https:\/\/mixtemper.com.br\/index.php?rest_route=\/wp\/v2\/users\/1"}],"replies":[{"embeddable":true,"href":"https:\/\/mixtemper.com.br\/index.php?rest_route=%2Fwp%2Fv2%2Fcomments&post=7"}],"version-history":[{"count":15,"href":"https:\/\/mixtemper.com.br\/index.php?rest_route=\/wp\/v2\/pages\/7\/revisions"}],"predecessor-version":[{"id":966,"href":"https:\/\/mixtemper.com.br\/index.php?rest_route=\/wp\/v2\/pages\/7\/revisions\/966"}],"wp:attachment":[{"href":"https:\/\/mixtemper.com.br\/index.php?rest_route=%2Fwp%2Fv2%2Fmedia&parent=7"}],"curies":[{"name":"wp","href":"https:\/\/api.w.org\/{rel}","templated":true}]}}