{"id":896,"date":"2020-07-30T20:58:07","date_gmt":"2020-07-30T23:58:07","guid":{"rendered":"http:\/\/mixtemper.com.br\/?page_id=896"},"modified":"2020-09-04T11:16:09","modified_gmt":"2020-09-04T14:16:09","slug":"caldos-especiais","status":"publish","type":"page","link":"https:\/\/mixtemper.com.br\/?page_id=896","title":{"rendered":"Caldos Especiais para Profissionais e Amantes da culin\u00e1ria"},"content":{"rendered":"<p>CALDOS EM P\u00d3 para dar mais aroma e sabor para todos os pratos, fazendo comidas deliciosas mais saborosas e saud\u00e1veis sem ter mais trabalho por isso.<\/p>\n<p>Mixtemper \u00e9 muito mais que um novo tempero, \u00e9 uma nova proposta em termos de alimenta\u00e7\u00e3o.<\/p>\n<p>Transforme os pratos mais simples do dia-a-dia em verdadeiros exemplos de aroma, requinte e sabor, use tempero&nbsp;<b>Mixtemper<\/b>&nbsp;e tenha uma alimenta\u00e7\u00e3o mais saud\u00e1vel!<\/p>\n","protected":false},"excerpt":{"rendered":"<p>CALDOS EM P\u00d3 para dar mais aroma e sabor para todos os pratos, fazendo comidas deliciosas mais saborosas e saud\u00e1veis sem ter mais trabalho por isso. Mixtemper \u00e9 muito mais &#8230;<\/p>\n","protected":false},"author":1,"featured_media":717,"parent":0,"menu_order":0,"comment_status":"closed","ping_status":"closed","template":"","meta":[],"_links":{"self":[{"href":"https:\/\/mixtemper.com.br\/index.php?rest_route=\/wp\/v2\/pages\/896"}],"collection":[{"href":"https:\/\/mixtemper.com.br\/index.php?rest_route=\/wp\/v2\/pages"}],"about":[{"href":"https:\/\/mixtemper.com.br\/index.php?rest_route=\/wp\/v2\/types\/page"}],"author":[{"embeddable":true,"href":"https:\/\/mixtemper.com.br\/index.php?rest_route=\/wp\/v2\/users\/1"}],"replies":[{"embeddable":true,"href":"https:\/\/mixtemper.com.br\/index.php?rest_route=%2Fwp%2Fv2%2Fcomments&post=896"}],"version-history":[{"count":8,"href":"https:\/\/mixtemper.com.br\/index.php?rest_route=\/wp\/v2\/pages\/896\/revisions"}],"predecessor-version":[{"id":1345,"href":"https:\/\/mixtemper.com.br\/index.php?rest_route=\/wp\/v2\/pages\/896\/revisions\/1345"}],"wp:featuredmedia":[{"embeddable":true,"href":"https:\/\/mixtemper.com.br\/index.php?rest_route=\/wp\/v2\/media\/717"}],"wp:attachment":[{"href":"https:\/\/mixtemper.com.br\/index.php?rest_route=%2Fwp%2Fv2%2Fmedia&parent=896"}],"curies":[{"name":"wp","href":"https:\/\/api.w.org\/{rel}","templated":true}]}}